{"id":69,"date":"2026-03-10T08:02:44","date_gmt":"2026-03-10T07:02:44","guid":{"rendered":"https:\/\/smartgartenkit-winf.gbsl.website\/?page_id=69"},"modified":"2026-03-27T14:11:47","modified_gmt":"2026-03-27T13:11:47","slug":"smart-garten-kit-erweiterungspaket","status":"publish","type":"page","link":"https:\/\/smartgartenkit-winf.gbsl.website\/index.php\/smart-garten-kit-erweiterungspaket\/","title":{"rendered":"Smart Garten Kit \u2013 Erweiterungspaket"},"content":{"rendered":"\n<p>Mehr Fl\u00e4che. Mehr Kontrolle. Mehr Ernte.<\/p>\n\n\n\n<figure class=\"wp-block-image size-large\"><img loading=\"lazy\" decoding=\"async\" width=\"1024\" height=\"683\" src=\"https:\/\/smartgartenkit-winf.gbsl.website\/wp-content\/uploads\/2026\/03\/Image-3-1024x683.jpg\" alt=\"\" class=\"wp-image-94\" srcset=\"https:\/\/smartgartenkit-winf.gbsl.website\/wp-content\/uploads\/2026\/03\/Image-3-1024x683.jpg 1024w, https:\/\/smartgartenkit-winf.gbsl.website\/wp-content\/uploads\/2026\/03\/Image-3-300x200.jpg 300w, https:\/\/smartgartenkit-winf.gbsl.website\/wp-content\/uploads\/2026\/03\/Image-3-768x512.jpg 768w, https:\/\/smartgartenkit-winf.gbsl.website\/wp-content\/uploads\/2026\/03\/Image-3-930x620.jpg 930w, https:\/\/smartgartenkit-winf.gbsl.website\/wp-content\/uploads\/2026\/03\/Image-3.jpg 1536w\" sizes=\"auto, (max-width: 1024px) 100vw, 1024px\" \/><\/figure>\n\n\n\n<h3 class=\"wp-block-heading\"><mark style=\"background-color:rgba(0, 0, 0, 0)\" class=\"has-inline-color has-neve-link-hover-color-color\">Zus\u00e4tzliche Funktionen<\/mark><\/h3>\n\n\n\n<ul class=\"wp-block-list\">\n<li>Erweiterbare Sensorsysteme<\/li>\n\n\n\n<li>Steuerung mehrerer Bew\u00e4sserungszonen<\/li>\n\n\n\n<li>Integration gr\u00f6sserer Gartenfl\u00e4chen<\/li>\n\n\n\n<li>Erweiterte Analysefunktionen<\/li>\n<\/ul>\n\n\n\n<p><\/p>\n\n\n\n<h3 class=\"wp-block-heading\"><mark style=\"background-color:rgba(0, 0, 0, 0)\" class=\"has-inline-color has-neve-link-hover-color-color\">Ideal f\u00fcr<\/mark><\/h3>\n\n\n\n<ul class=\"wp-block-list\">\n<li>Gr\u00f6ssere G\u00e4rten<\/li>\n\n\n\n<li>Mehrere Beete<\/li>\n\n\n\n<li>Ambitionierte Hobbyg\u00e4rtner<\/li>\n\n\n\n<li>Selbstversorger<\/li>\n<\/ul>\n\n\n\n<p><\/p>\n\n\n\n<h3 class=\"wp-block-heading\"><mark style=\"background-color:rgba(0, 0, 0, 0)\" class=\"has-inline-color has-neve-link-hover-color-color\">Deine Vorteile<\/mark><\/h3>\n\n\n\n<ul class=\"wp-block-list\">\n<li>Flexible Systemerweiterung<\/li>\n\n\n\n<li>Skalierbar je nach Bedarf<\/li>\n\n\n\n<li>Optimierte Versorgung grosser Fl\u00e4chen<\/li>\n\n\n\n<li>Zukunftssichere Investition<\/li>\n<\/ul>\n\n\n\n<p><\/p>\n","protected":false},"excerpt":{"rendered":"<p>Mehr Fl\u00e4che. Mehr Kontrolle. Mehr Ernte. Zus\u00e4tzliche Funktionen Ideal f\u00fcr Deine Vorteile<\/p>\n","protected":false},"author":1,"featured_media":0,"parent":0,"menu_order":0,"comment_status":"closed","ping_status":"closed","template":"","meta":{"neve_meta_sidebar":"","neve_meta_container":"","neve_meta_enable_content_width":"","neve_meta_content_width":0,"neve_meta_title_alignment":"","neve_meta_author_avatar":"","neve_post_elements_order":"","neve_meta_disable_header":"","neve_meta_disable_footer":"","neve_meta_disable_title":"","footnotes":""},"class_list":["post-69","page","type-page","status-publish","hentry"],"_links":{"self":[{"href":"https:\/\/smartgartenkit-winf.gbsl.website\/index.php\/wp-json\/wp\/v2\/pages\/69","targetHints":{"allow":["GET"]}}],"collection":[{"href":"https:\/\/smartgartenkit-winf.gbsl.website\/index.php\/wp-json\/wp\/v2\/pages"}],"about":[{"href":"https:\/\/smartgartenkit-winf.gbsl.website\/index.php\/wp-json\/wp\/v2\/types\/page"}],"author":[{"embeddable":true,"href":"https:\/\/smartgartenkit-winf.gbsl.website\/index.php\/wp-json\/wp\/v2\/users\/1"}],"replies":[{"embeddable":true,"href":"https:\/\/smartgartenkit-winf.gbsl.website\/index.php\/wp-json\/wp\/v2\/comments?post=69"}],"version-history":[{"count":5,"href":"https:\/\/smartgartenkit-winf.gbsl.website\/index.php\/wp-json\/wp\/v2\/pages\/69\/revisions"}],"predecessor-version":[{"id":201,"href":"https:\/\/smartgartenkit-winf.gbsl.website\/index.php\/wp-json\/wp\/v2\/pages\/69\/revisions\/201"}],"wp:attachment":[{"href":"https:\/\/smartgartenkit-winf.gbsl.website\/index.php\/wp-json\/wp\/v2\/media?parent=69"}],"curies":[{"name":"wp","href":"https:\/\/api.w.org\/{rel}","templated":true}]}}