{"id":19,"date":"2026-03-03T07:55:10","date_gmt":"2026-03-03T06:55:10","guid":{"rendered":"https:\/\/smartgartenkit-winf.gbsl.website\/?page_id=19"},"modified":"2026-03-27T18:51:08","modified_gmt":"2026-03-27T17:51:08","slug":"home","status":"publish","type":"page","link":"https:\/\/smartgartenkit-winf.gbsl.website\/","title":{"rendered":"Startseite"},"content":{"rendered":"\n<div class=\"wp-block-cover alignfull is-light\" style=\"min-height:847px;aspect-ratio:unset;\"><img loading=\"lazy\" decoding=\"async\" width=\"1024\" height=\"697\" class=\"wp-block-cover__image-background wp-image-81 size-large\" alt=\"\" src=\"https:\/\/smartgartenkit-winf.gbsl.website\/wp-content\/uploads\/2026\/03\/Screenshot-2026-03-17-074114-1024x697.png\" data-object-fit=\"cover\" srcset=\"https:\/\/smartgartenkit-winf.gbsl.website\/wp-content\/uploads\/2026\/03\/Screenshot-2026-03-17-074114-1024x697.png 1024w, https:\/\/smartgartenkit-winf.gbsl.website\/wp-content\/uploads\/2026\/03\/Screenshot-2026-03-17-074114-300x204.png 300w, https:\/\/smartgartenkit-winf.gbsl.website\/wp-content\/uploads\/2026\/03\/Screenshot-2026-03-17-074114-768x523.png 768w, https:\/\/smartgartenkit-winf.gbsl.website\/wp-content\/uploads\/2026\/03\/Screenshot-2026-03-17-074114.png 1147w\" sizes=\"auto, (max-width: 1024px) 100vw, 1024px\" \/><span aria-hidden=\"true\" class=\"wp-block-cover__background has-background-dim-0 has-background-dim\"><\/span><div class=\"wp-block-cover__inner-container is-layout-flow wp-block-cover-is-layout-flow\">\n<div class=\"wp-block-columns are-vertically-aligned-center is-layout-flex wp-container-core-columns-is-layout-9d6595d7 wp-block-columns-is-layout-flex\">\n<div class=\"wp-block-column is-vertically-aligned-center is-layout-flow wp-block-column-is-layout-flow\" style=\"padding-right:var(--wp--preset--spacing--20);padding-left:var(--wp--preset--spacing--20);flex-basis:65%\">\n<div style=\"height:80px\" aria-hidden=\"true\" class=\"wp-block-spacer\"><\/div>\n\n\n\n<h1 class=\"wp-block-heading has-text-align-left has-nv-text-dark-bg-color has-text-color\"><strong><mark style=\"background-color:rgba(0, 0, 0, 0)\" class=\"has-inline-color has-nv-dark-bg-color\">Dein Garten. Smarter. Einfacher. Erfolgreicher.<\/mark><\/strong><\/h1>\n\n\n\n<p class=\"has-text-align-left has-nv-text-dark-bg-color has-text-color\" style=\"font-size:17px\"><mark style=\"background-color:rgba(0, 0, 0, 0)\" class=\"has-inline-color has-nv-dark-bg-color\">Frische Kr\u00e4uter, knackiges Gem\u00fcse und wundersch\u00f6ne Pflanzen \u2013 ganz ohne t\u00e4glichen Pflegeaufwand.<\/mark><\/p>\n<\/div>\n\n\n\n<div class=\"wp-block-column is-vertically-aligned-center is-layout-flow wp-block-column-is-layout-flow\"><\/div>\n<\/div>\n<\/div><\/div>\n\n\n\n<div style=\"height:41px\" aria-hidden=\"true\" class=\"wp-block-spacer\"><\/div>\n\n\n\n<div class=\"wp-block-columns is-layout-flex wp-container-core-columns-is-layout-9d6595d7 wp-block-columns-is-layout-flex\">\n<div class=\"wp-block-column neve-duotone is-layout-flow wp-block-column-is-layout-flow\" style=\"padding-right:var(--wp--preset--spacing--30);padding-left:var(--wp--preset--spacing--30)\"><div class=\"wp-block-image icon-style is-style-default wp-duotone-unset-1\">\n<figure class=\"aligncenter size-full is-resized has-custom-border\"><img loading=\"lazy\" decoding=\"async\" width=\"258\" height=\"268\" src=\"https:\/\/smartgartenkit-winf.gbsl.website\/wp-content\/uploads\/2026\/03\/Screenshot-2026-03-10-075544.png\" alt=\"\" class=\"wp-image-61\" style=\"border-radius:0px;aspect-ratio:0.9627813683975931;width:125px;height:auto\" title=\"\"\/><\/figure>\n<\/div>\n\n\n<h3 class=\"wp-block-heading has-text-align-center has-neve-text-color-color has-text-color\">Automatische Bew\u00e4sserung<\/h3>\n\n\n\n<p class=\"has-text-align-center\"><\/p>\n\n\n\n<div style=\"height:20px\" aria-hidden=\"true\" class=\"wp-block-spacer\"><\/div>\n<\/div>\n\n\n\n<div class=\"wp-block-column is-layout-flow wp-block-column-is-layout-flow\" style=\"padding-right:var(--wp--preset--spacing--30);padding-left:var(--wp--preset--spacing--30)\"><div class=\"wp-block-image icon-style is-style-default wp-duotone-unset-2\">\n<figure class=\"aligncenter size-full is-resized has-custom-border\"><img loading=\"lazy\" decoding=\"async\" width=\"175\" height=\"172\" src=\"https:\/\/smartgartenkit-winf.gbsl.website\/wp-content\/uploads\/2026\/03\/Screenshot-2026-03-10-075409.png\" alt=\"\" class=\"wp-image-60\" style=\"border-radius:0px;aspect-ratio:1.0175133523785864;width:130px;height:auto\" title=\"\"\/><\/figure>\n<\/div>\n\n\n<h3 class=\"wp-block-heading has-text-align-center has-neve-text-color-color has-text-color\">Zeitersparnis im Alltag<\/h3>\n\n\n\n<p class=\"has-text-align-center\"><\/p>\n\n\n\n<div style=\"height:20px\" aria-hidden=\"true\" class=\"wp-block-spacer\"><\/div>\n<\/div>\n\n\n\n<div class=\"wp-block-column is-layout-flow wp-block-column-is-layout-flow\" style=\"padding-right:var(--wp--preset--spacing--30);padding-left:var(--wp--preset--spacing--30)\"><div class=\"wp-block-image icon-style is-style-default wp-duotone-unset-3\">\n<figure class=\"aligncenter size-full is-resized has-custom-border\"><img loading=\"lazy\" decoding=\"async\" width=\"115\" height=\"220\" src=\"https:\/\/smartgartenkit-winf.gbsl.website\/wp-content\/uploads\/2026\/03\/Screenshot-2026-03-10-075626.png\" alt=\"\" class=\"wp-image-62\" style=\"border-radius:0px;aspect-ratio:0.5227619255064256;width:68px;height:auto\" title=\"\"\/><\/figure>\n<\/div>\n\n\n<h3 class=\"wp-block-heading has-text-align-center has-neve-text-color-color has-text-color\">Pr\u00e4zise Messung von Bodenfeuchtigkeit, Temperatur &amp; Licht<\/h3>\n\n\n\n<p class=\"has-text-align-center\"><\/p>\n\n\n\n<div style=\"height:20px\" aria-hidden=\"true\" class=\"wp-block-spacer\"><\/div>\n<\/div>\n\n\n\n<div class=\"wp-block-column is-layout-flow wp-block-column-is-layout-flow\" style=\"padding-right:var(--wp--preset--spacing--30);padding-left:var(--wp--preset--spacing--30)\"><div class=\"wp-block-image icon-style is-style-default wp-duotone-unset-4\">\n<figure class=\"aligncenter size-full is-resized has-custom-border\"><img loading=\"lazy\" decoding=\"async\" width=\"294\" height=\"283\" src=\"https:\/\/smartgartenkit-winf.gbsl.website\/wp-content\/uploads\/2026\/03\/Screenshot-2026-03-10-075735.png\" alt=\"\" class=\"wp-image-63\" style=\"border-radius:0px;aspect-ratio:1.0388749002026654;width:131px;height:auto\" title=\"\"\/><\/figure>\n<\/div>\n\n\n<h3 class=\"wp-block-heading has-text-align-center has-neve-text-color-color has-text-color\">Einfache Installation<\/h3>\n\n\n\n<p class=\"has-text-align-center\"><\/p>\n\n\n\n<div style=\"height:20px\" aria-hidden=\"true\" class=\"wp-block-spacer\"><\/div>\n<\/div>\n<\/div>\n\n\n\n<div class=\"wp-block-cover alignfull\" style=\"min-height:600px;aspect-ratio:unset;\"><span aria-hidden=\"true\" class=\"wp-block-cover__background has-nv-light-bg-background-color has-background-dim-80 has-background-dim\"><\/span><div class=\"wp-block-cover__inner-container is-layout-flow wp-block-cover-is-layout-flow\">\n<div class=\"wp-block-group\"><div class=\"wp-block-group__inner-container is-layout-flow wp-block-group-is-layout-flow\">\n<div style=\"height:80px\" aria-hidden=\"true\" class=\"wp-block-spacer\"><\/div>\n\n\n\n<div class=\"wp-block-columns is-layout-flex wp-container-core-columns-is-layout-9d6595d7 wp-block-columns-is-layout-flex\">\n<div class=\"wp-block-column is-layout-flow wp-block-column-is-layout-flow\" style=\"padding-right:0;padding-left:0;flex-basis:20%\">\n<div class=\"wp-block-group is-vertical is-content-justification-center is-layout-flex wp-container-core-group-is-layout-4b2eccd6 wp-block-group-is-layout-flex\"><\/div>\n<\/div>\n\n\n\n<div class=\"wp-block-column is-layout-flow wp-block-column-is-layout-flow\" style=\"flex-basis:60%\">\n<div class=\"wp-block-group is-vertical is-content-justification-center is-layout-flex wp-container-core-group-is-layout-4b2eccd6 wp-block-group-is-layout-flex\">\n<h2 class=\"wp-block-heading has-text-align-center has-neve-text-color-color has-text-color has-link-color wp-elements-294885645020c1ed52e8ae4eea812821\">Smart Garten Kit<\/h2>\n\n\n\n<p class=\"has-text-align-center has-neve-text-color-color has-text-color has-link-color wp-elements-db4a554a37caf4fecf4eaf8c39582541\">Unser Smart Garten Kit \u00fcbernimmt Bew\u00e4sserung und \u00dcberwachung automatisch. Dank intelligenter Sensorik bekommen deine Pflanzen genau das, was sie brauchen \u2013 zur richtigen Zeit, in der richtigen Menge.<\/p>\n\n\n\n<div style=\"height:0px\" aria-hidden=\"true\" class=\"wp-block-spacer wp-container-content-541a6b20\"><\/div>\n<\/div>\n<\/div>\n\n\n\n<div class=\"wp-block-column is-layout-flow wp-block-column-is-layout-flow\" style=\"flex-basis:20%\">\n<div class=\"wp-block-group is-vertical is-content-justification-center is-layout-flex wp-container-core-group-is-layout-4b2eccd6 wp-block-group-is-layout-flex\"><\/div>\n<\/div>\n<\/div>\n\n\n\n<div class=\"wp-block-columns are-vertically-aligned-center is-layout-flex wp-container-core-columns-is-layout-9d6595d7 wp-block-columns-is-layout-flex\">\n<div class=\"wp-block-column is-vertically-aligned-center is-layout-flow wp-block-column-is-layout-flow\" style=\"padding-right:var(--wp--preset--spacing--30);padding-left:var(--wp--preset--spacing--30);flex-basis:50%\">\n<figure class=\"wp-block-image size-full has-custom-border\"><img loading=\"lazy\" decoding=\"async\" width=\"1536\" height=\"1024\" src=\"https:\/\/smartgartenkit-winf.gbsl.website\/wp-content\/uploads\/2026\/03\/Image-1.jpg\" alt=\"\" class=\"wp-image-54\" style=\"border-radius:16px\" srcset=\"https:\/\/smartgartenkit-winf.gbsl.website\/wp-content\/uploads\/2026\/03\/Image-1.jpg 1536w, https:\/\/smartgartenkit-winf.gbsl.website\/wp-content\/uploads\/2026\/03\/Image-1-300x200.jpg 300w, https:\/\/smartgartenkit-winf.gbsl.website\/wp-content\/uploads\/2026\/03\/Image-1-1024x683.jpg 1024w, https:\/\/smartgartenkit-winf.gbsl.website\/wp-content\/uploads\/2026\/03\/Image-1-768x512.jpg 768w, https:\/\/smartgartenkit-winf.gbsl.website\/wp-content\/uploads\/2026\/03\/Image-1-930x620.jpg 930w\" sizes=\"auto, (max-width: 1536px) 100vw, 1536px\" \/><\/figure>\n\n\n\n<div style=\"height:24px\" aria-hidden=\"true\" class=\"wp-block-spacer\"><\/div>\n\n\n\n<h3 class=\"wp-block-heading has-text-align-center has-neve-text-color-color has-text-color\"><a href=\"https:\/\/smartgartenkit-winf.gbsl.website\/index.php\/smart-garten-kit-grundpaket\/\" data-type=\"page\" data-id=\"66\">Grundpaket<\/a><\/h3>\n\n\n\n<p class=\"has-text-align-center\"><mark style=\"background-color:rgba(0, 0, 0, 0)\" class=\"has-inline-color has-nv-dark-bg-color\">CHF 149.-<\/mark><\/p>\n\n\n\n<div style=\"height:38px\" aria-hidden=\"true\" class=\"wp-block-spacer\"><\/div>\n<\/div>\n\n\n\n<div class=\"wp-block-column is-vertically-aligned-center is-layout-flow wp-block-column-is-layout-flow\" style=\"padding-right:var(--wp--preset--spacing--30);padding-left:var(--wp--preset--spacing--30);flex-basis:50%\">\n<figure class=\"wp-block-image size-full has-custom-border\"><img loading=\"lazy\" decoding=\"async\" width=\"1536\" height=\"1024\" src=\"https:\/\/smartgartenkit-winf.gbsl.website\/wp-content\/uploads\/2026\/03\/Image.jpg\" alt=\"\" class=\"wp-image-55\" style=\"border-radius:16px\" srcset=\"https:\/\/smartgartenkit-winf.gbsl.website\/wp-content\/uploads\/2026\/03\/Image.jpg 1536w, https:\/\/smartgartenkit-winf.gbsl.website\/wp-content\/uploads\/2026\/03\/Image-300x200.jpg 300w, https:\/\/smartgartenkit-winf.gbsl.website\/wp-content\/uploads\/2026\/03\/Image-1024x683.jpg 1024w, https:\/\/smartgartenkit-winf.gbsl.website\/wp-content\/uploads\/2026\/03\/Image-768x512.jpg 768w, https:\/\/smartgartenkit-winf.gbsl.website\/wp-content\/uploads\/2026\/03\/Image-930x620.jpg 930w\" sizes=\"auto, (max-width: 1536px) 100vw, 1536px\" \/><\/figure>\n\n\n\n<div style=\"height:24px\" aria-hidden=\"true\" class=\"wp-block-spacer\"><\/div>\n\n\n\n<h3 class=\"wp-block-heading has-text-align-center has-neve-text-color-color has-text-color\"><a href=\"https:\/\/smartgartenkit-winf.gbsl.website\/index.php\/smart-garten-kit-erweiterungspaket\/\" data-type=\"page\" data-id=\"69\">Erweiterungspaket<\/a><\/h3>\n\n\n\n<p class=\"has-text-align-center\"><mark style=\"background-color:rgba(0, 0, 0, 0)\" class=\"has-inline-color has-nv-dark-bg-color\">CHF 199.-<\/mark><\/p>\n\n\n\n<div style=\"height:40px\" aria-hidden=\"true\" class=\"wp-block-spacer\"><\/div>\n<\/div>\n<\/div>\n<\/div><\/div>\n<\/div><\/div>\n\n\n\n<div class=\"wp-block-cover alignfull has-nv-text-dark-bg-color has-text-color has-link-color wp-elements-341e9c0be7be2f357e74472a8b324cd6\" style=\"min-height:454px;aspect-ratio:unset;\"><span aria-hidden=\"true\" class=\"wp-block-cover__background has-nv-dark-bg-background-color has-background-dim-100 has-background-dim\"><\/span><div class=\"wp-block-cover__inner-container is-layout-flow wp-block-cover-is-layout-flow\">\n<div class=\"wp-block-columns is-layout-flex wp-container-core-columns-is-layout-9d6595d7 wp-block-columns-is-layout-flex\">\n<div class=\"wp-block-column ticss-4ce656f1 is-layout-flow wp-block-column-is-layout-flow\"><div class=\"wp-block-image is-style-rounded\">\n<figure class=\"aligncenter size-full is-resized\"><img loading=\"lazy\" decoding=\"async\" width=\"371\" height=\"389\" src=\"https:\/\/smartgartenkit-winf.gbsl.website\/wp-content\/uploads\/2026\/03\/Screenshot-2026-03-21-111953.png\" alt=\"\" class=\"wp-image-115\" style=\"width:80px;height:80px\" srcset=\"https:\/\/smartgartenkit-winf.gbsl.website\/wp-content\/uploads\/2026\/03\/Screenshot-2026-03-21-111953.png 371w, https:\/\/smartgartenkit-winf.gbsl.website\/wp-content\/uploads\/2026\/03\/Screenshot-2026-03-21-111953-286x300.png 286w\" sizes=\"auto, (max-width: 371px) 100vw, 371px\" \/><\/figure>\n<\/div>\n\n\n<p class=\"has-text-align-center has-nv-text-dark-bg-color has-text-color has-link-color wp-elements-a31d8121e17ca7e18f632ba09ef04750\">\u00abSuper einfach einzurichten und perfekt f\u00fcr meinen Balkon. Meine Kr\u00e4uter wachsen deutlich besser und ich kann alles bequem \u00fcber die App steuern.\u00bb<\/p>\n\n\n\n<p class=\"has-text-align-center has-nv-text-dark-bg-color has-text-color has-small-font-size\" style=\"text-transform:uppercase\"><strong>Anna M<\/strong>. <\/p>\n\n\n\n<p class=\"has-text-align-center has-nv-text-dark-bg-color has-text-color has-small-font-size\" style=\"text-transform:uppercase\">09.01.2026<\/p>\n<\/div>\n\n\n\n<div class=\"wp-block-column ticss-f6fc7494 is-layout-flow wp-block-column-is-layout-flow\"><div class=\"wp-block-image is-style-rounded\">\n<figure class=\"aligncenter size-full is-resized\"><img loading=\"lazy\" decoding=\"async\" width=\"374\" height=\"383\" src=\"https:\/\/smartgartenkit-winf.gbsl.website\/wp-content\/uploads\/2026\/03\/Screenshot-2026-03-21-111733.png\" alt=\"\" class=\"wp-image-113\" style=\"width:80px;height:80px\" srcset=\"https:\/\/smartgartenkit-winf.gbsl.website\/wp-content\/uploads\/2026\/03\/Screenshot-2026-03-21-111733.png 374w, https:\/\/smartgartenkit-winf.gbsl.website\/wp-content\/uploads\/2026\/03\/Screenshot-2026-03-21-111733-293x300.png 293w\" sizes=\"auto, (max-width: 374px) 100vw, 374px\" \/><\/figure>\n<\/div>\n\n\n<p class=\"has-text-align-center has-nv-text-dark-bg-color has-text-color\">\u00abSehr praktisch f\u00fcr mein Hochbeet. Die Sensoren funktionieren zuverl\u00e4ssig und ich muss mich viel weniger ums Gie\u00dfen k\u00fcmmern.\u00bb<\/p>\n\n\n\n<p class=\"has-text-align-center has-nv-text-dark-bg-color has-text-color has-small-font-size\" style=\"text-transform:uppercase\"><strong>Lukas R.<\/strong> <\/p>\n\n\n\n<p class=\"has-text-align-center has-nv-text-dark-bg-color has-text-color has-small-font-size\" style=\"text-transform:uppercase\">28.02.2026<\/p>\n<\/div>\n\n\n\n<div class=\"wp-block-column ticss-a5b4df29 is-layout-flow wp-block-column-is-layout-flow\"><div class=\"wp-block-image is-style-rounded\">\n<figure class=\"aligncenter size-full is-resized\"><img loading=\"lazy\" decoding=\"async\" width=\"375\" height=\"371\" src=\"https:\/\/smartgartenkit-winf.gbsl.website\/wp-content\/uploads\/2026\/03\/Screenshot-2026-03-21-111846.png\" alt=\"\" class=\"wp-image-114\" style=\"width:80px;height:80px\" srcset=\"https:\/\/smartgartenkit-winf.gbsl.website\/wp-content\/uploads\/2026\/03\/Screenshot-2026-03-21-111846.png 375w, https:\/\/smartgartenkit-winf.gbsl.website\/wp-content\/uploads\/2026\/03\/Screenshot-2026-03-21-111846-300x297.png 300w\" sizes=\"auto, (max-width: 375px) 100vw, 375px\" \/><\/figure>\n<\/div>\n\n\n<p class=\"has-text-align-center has-nv-text-dark-bg-color has-text-color\">\u00abMit dem wunderbaren Erweiterungspaket konnte ich meinen ganzen Garten integrieren. Die verschiedenen Bew\u00e4sserungszonen sind richtig praktisch.\u00bb<\/p>\n\n\n\n<p class=\"has-text-align-center has-nv-text-dark-bg-color has-text-color has-small-font-size\" style=\"text-transform:uppercase\"><strong>LARA K.<\/strong> <\/p>\n\n\n\n<p class=\"has-text-align-center has-nv-text-dark-bg-color has-text-color has-small-font-size\" style=\"text-transform:uppercase\">03.03.2026<\/p>\n<\/div>\n<\/div>\n\n\n\n<div style=\"height:0px\" aria-hidden=\"true\" class=\"wp-block-spacer\"><\/div>\n<\/div><\/div>\n\n\n\n<div class=\"wp-block-cover alignfull\" style=\"min-height:600px;aspect-ratio:unset;\"><span aria-hidden=\"true\" class=\"wp-block-cover__background has-nv-site-bg-background-color has-background-dim-100 has-background-dim\"><\/span><div class=\"wp-block-cover__inner-container is-layout-flow wp-block-cover-is-layout-flow\">\n<div class=\"wp-block-group\"><div class=\"wp-block-group__inner-container is-layout-flow wp-block-group-is-layout-flow\">\n<div style=\"height:80px\" aria-hidden=\"true\" class=\"wp-block-spacer\"><\/div>\n\n\n\n<div class=\"wp-block-columns are-vertically-aligned-center is-layout-flex wp-container-core-columns-is-layout-9d6595d7 wp-block-columns-is-layout-flex\">\n<div class=\"wp-block-column is-vertically-aligned-center is-layout-flow wp-block-column-is-layout-flow\" style=\"padding-right:var(--wp--preset--spacing--30);padding-left:var(--wp--preset--spacing--30);flex-basis:50%\">\n<figure class=\"wp-block-image size-full has-custom-border is-style-default\"><img loading=\"lazy\" decoding=\"async\" width=\"830\" height=\"556\" src=\"https:\/\/smartgartenkit-winf.gbsl.website\/wp-content\/uploads\/2026\/03\/Screenshot-2026-03-24-080742.png\" alt=\"\" class=\"wp-image-134\" style=\"border-radius:16px\" srcset=\"https:\/\/smartgartenkit-winf.gbsl.website\/wp-content\/uploads\/2026\/03\/Screenshot-2026-03-24-080742.png 830w, https:\/\/smartgartenkit-winf.gbsl.website\/wp-content\/uploads\/2026\/03\/Screenshot-2026-03-24-080742-300x201.png 300w, https:\/\/smartgartenkit-winf.gbsl.website\/wp-content\/uploads\/2026\/03\/Screenshot-2026-03-24-080742-768x514.png 768w\" sizes=\"auto, (max-width: 830px) 100vw, 830px\" \/><\/figure>\n<\/div>\n\n\n\n<div class=\"wp-block-column is-vertically-aligned-center is-layout-flow wp-block-column-is-layout-flow\" style=\"padding-right:var(--wp--preset--spacing--30);padding-left:var(--wp--preset--spacing--30);flex-basis:50%\">\n<div style=\"height:20px\" aria-hidden=\"true\" class=\"wp-block-spacer\"><\/div>\n\n\n\n<h2 class=\"wp-block-heading has-text-align-left has-neve-text-color-color has-text-color\"><strong><strong>Pflanzensamen<\/strong><\/strong><\/h2>\n\n\n\n<p class=\"has-text-align-left has-neve-text-color-color has-text-color\" style=\"font-size:17px\">Sonnenblumensamen &#8211; wachsen zu grossen, gelben Blumen. Sie brauchen viel Sonne. Sie ziehen Bienen und V\u00f6gel an. <\/p>\n\n\n\n<p class=\"has-text-align-left has-neve-text-color-color has-text-color\" style=\"font-size:17px\">Lavendelsamen &#8211; ergeben duftende Pflanzen. Sie m\u00f6gen sonnige, trockene Orte. Sie werden oft f\u00fcr Duft oder Tee genutzt.<\/p>\n\n\n\n<p class=\"has-text-align-left has-neve-text-color-color has-text-color\" style=\"font-size:17px\">Ringelblumensamen &#8211; wachsen zu bunten, orange-gelben Blumen. Sie sind pflegeleicht. Ihre Bl\u00fcten kann man f\u00fcr Tee oder Salben verwenden.<\/p>\n\n\n\n<p class=\"has-text-align-left has-neve-text-color-color has-text-color\" style=\"font-size:17px\">Basilikumsamen &#8211; wachsen zu aromatischen Kr\u00e4utern. Sie brauchen warme Temperaturen. Sie werden oft zum Kochen genutzt.<\/p>\n\n\n\n<div class=\"wp-block-buttons has-custom-font-size has-small-font-size is-content-justification-left is-layout-flex wp-container-core-buttons-is-layout-fdcfc74e wp-block-buttons-is-layout-flex\">\n<div class=\"wp-block-button is-style-default\"><a class=\"wp-block-button__link has-nv-text-dark-bg-color has-neve-link-color-background-color has-text-color has-background has-link-color has-custom-font-size wp-element-button\" style=\"font-size:16px\">CHF 3.- \/ St\u00fcck<\/a><\/div>\n<\/div>\n<\/div>\n<\/div>\n\n\n\n<div class=\"wp-block-columns are-vertically-aligned-center is-layout-flex wp-container-core-columns-is-layout-9d6595d7 wp-block-columns-is-layout-flex\">\n<div class=\"wp-block-column is-vertically-aligned-center is-layout-flow wp-block-column-is-layout-flow\" style=\"padding-right:var(--wp--preset--spacing--30);padding-left:var(--wp--preset--spacing--30);flex-basis:50%\">\n<div style=\"height:20px\" aria-hidden=\"true\" class=\"wp-block-spacer\"><\/div>\n\n\n\n<h2 class=\"wp-block-heading has-text-align-left has-neve-text-color-color has-text-color\"><strong>Gem\u00fcsesamen<\/strong><\/h2>\n\n\n\n<p class=\"has-text-align-left has-neve-text-color-color has-text-color\" style=\"font-size:17px\">Karottensamen &#8211; wachsen unter der Erde. Sie brauchen lockeren Boden. Sie sind gesund und vitaminreich. <\/p>\n\n\n\n<p class=\"has-text-align-left has-neve-text-color-color has-text-color\" style=\"font-size:17px\">Tomatensamen &#8211; wachsen zu Pflanzen mit Fr\u00fcchten. Sie brauchen viel Sonne und W\u00e4rme. Sie werden oft zum Kochen verwendet.<\/p>\n\n\n\n<p class=\"has-text-align-left has-neve-text-color-color has-text-color\" style=\"font-size:17px\">Gurkensamen &#8211; wachsen zu rankenden Pflanzen. Sie brauchen viel Wasser. Sie ergeben knackige Gurken f\u00fcr Salate.<\/p>\n\n\n\n<p class=\"has-text-align-left has-neve-text-color-color has-text-color\" style=\"font-size:17px\">Paprikasamen &#8211; wachsen zu bunten, s\u00fcssen oder scharfen Fr\u00fcchten. Sie brauchen W\u00e4rme und Sonne. Sie werden in vielen Gerichten verwendet.<\/p>\n\n\n\n<div class=\"wp-block-buttons has-custom-font-size has-small-font-size is-content-justification-left is-layout-flex wp-container-core-buttons-is-layout-fdcfc74e wp-block-buttons-is-layout-flex\">\n<div class=\"wp-block-button is-style-default\"><a class=\"wp-block-button__link has-nv-text-dark-bg-color has-neve-link-color-background-color has-text-color has-background has-link-color has-custom-font-size wp-element-button\" style=\"font-size:16px\">CHF 3.- \/ St\u00fcck<\/a><\/div>\n<\/div>\n<\/div>\n\n\n\n<div class=\"wp-block-column is-vertically-aligned-center is-layout-flow wp-block-column-is-layout-flow\" style=\"padding-right:var(--wp--preset--spacing--30);padding-left:var(--wp--preset--spacing--30);flex-basis:50%\">\n<figure class=\"wp-block-image size-full has-custom-border is-style-default\"><img loading=\"lazy\" decoding=\"async\" width=\"832\" height=\"552\" src=\"https:\/\/smartgartenkit-winf.gbsl.website\/wp-content\/uploads\/2026\/03\/Screenshot-2026-03-24-080705.png\" alt=\"\" class=\"wp-image-133\" style=\"border-radius:16px\" srcset=\"https:\/\/smartgartenkit-winf.gbsl.website\/wp-content\/uploads\/2026\/03\/Screenshot-2026-03-24-080705.png 832w, https:\/\/smartgartenkit-winf.gbsl.website\/wp-content\/uploads\/2026\/03\/Screenshot-2026-03-24-080705-300x199.png 300w, https:\/\/smartgartenkit-winf.gbsl.website\/wp-content\/uploads\/2026\/03\/Screenshot-2026-03-24-080705-768x510.png 768w\" sizes=\"auto, (max-width: 832px) 100vw, 832px\" \/><\/figure>\n<\/div>\n<\/div>\n\n\n\n<div style=\"height:40px\" aria-hidden=\"true\" class=\"wp-block-spacer\"><\/div>\n<\/div><\/div>\n<\/div><\/div>\n\n\n\n<div class=\"wp-block-cover alignfull\" style=\"min-height:169px;aspect-ratio:unset;\"><span aria-hidden=\"true\" class=\"wp-block-cover__background has-neve-link-color-background-color has-background-dim-100 has-background-dim\"><\/span><div class=\"wp-block-cover__inner-container is-layout-flow wp-block-cover-is-layout-flow\">\n<div class=\"wp-block-columns is-layout-flex wp-container-core-columns-is-layout-9d6595d7 wp-block-columns-is-layout-flex\">\n<div class=\"wp-block-column is-layout-flow wp-block-column-is-layout-flow\" style=\"flex-basis:20%\"><\/div>\n\n\n\n<div class=\"wp-block-column is-layout-flow wp-block-column-is-layout-flow\" style=\"flex-basis:60%\">\n<div class=\"wp-block-group\"><div class=\"wp-block-group__inner-container is-layout-constrained wp-block-group-is-layout-constrained\">\n<p><\/p>\n\n\n\n<h2 class=\"wp-block-heading has-text-align-center has-nv-text-dark-bg-color has-text-color\">Viel Erfolg beim G\u00e4rtnern!<\/h2>\n<\/div><\/div>\n<\/div>\n\n\n\n<div class=\"wp-block-column is-layout-flow wp-block-column-is-layout-flow\" style=\"flex-basis:20%\"><\/div>\n<\/div>\n<\/div><\/div>\n\n\n\n<p><\/p>\n","protected":false},"excerpt":{"rendered":"<p>Automatische Bew\u00e4sserung Zeitersparnis im Alltag Pr\u00e4zise Messung von Bodenfeuchtigkeit, Temperatur &amp; Licht Einfache Installation<\/p>\n","protected":false},"author":1,"featured_media":0,"parent":0,"menu_order":0,"comment_status":"closed","ping_status":"closed","template":"","meta":{"neve_meta_sidebar":"","neve_meta_container":"","neve_meta_enable_content_width":"on","neve_meta_content_width":100,"neve_meta_title_alignment":"","neve_meta_author_avatar":"","neve_post_elements_order":"","neve_meta_disable_header":"","neve_meta_disable_footer":"","neve_meta_disable_title":"on","footnotes":""},"class_list":["post-19","page","type-page","status-publish","hentry"],"_links":{"self":[{"href":"https:\/\/smartgartenkit-winf.gbsl.website\/index.php\/wp-json\/wp\/v2\/pages\/19","targetHints":{"allow":["GET"]}}],"collection":[{"href":"https:\/\/smartgartenkit-winf.gbsl.website\/index.php\/wp-json\/wp\/v2\/pages"}],"about":[{"href":"https:\/\/smartgartenkit-winf.gbsl.website\/index.php\/wp-json\/wp\/v2\/types\/page"}],"author":[{"embeddable":true,"href":"https:\/\/smartgartenkit-winf.gbsl.website\/index.php\/wp-json\/wp\/v2\/users\/1"}],"replies":[{"embeddable":true,"href":"https:\/\/smartgartenkit-winf.gbsl.website\/index.php\/wp-json\/wp\/v2\/comments?post=19"}],"version-history":[{"count":30,"href":"https:\/\/smartgartenkit-winf.gbsl.website\/index.php\/wp-json\/wp\/v2\/pages\/19\/revisions"}],"predecessor-version":[{"id":215,"href":"https:\/\/smartgartenkit-winf.gbsl.website\/index.php\/wp-json\/wp\/v2\/pages\/19\/revisions\/215"}],"wp:attachment":[{"href":"https:\/\/smartgartenkit-winf.gbsl.website\/index.php\/wp-json\/wp\/v2\/media?parent=19"}],"curies":[{"name":"wp","href":"https:\/\/api.w.org\/{rel}","templated":true}]}}